{"id":1007,"date":"2024-03-21T19:36:11","date_gmt":"2024-03-21T22:36:11","guid":{"rendered":"https:\/\/corretoramrj.com.br\/?page_id=1007"},"modified":"2024-04-07T21:27:49","modified_gmt":"2024-04-08T00:27:49","slug":"seguro-residencial","status":"publish","type":"page","link":"https:\/\/corretoramrj.com.br\/index.php\/seguro-residencial\/","title":{"rendered":"Seguro Residencial"},"content":{"rendered":"\t\t<div data-elementor-type=\"wp-page\" data-elementor-id=\"1007\" class=\"elementor elementor-1007\">\n\t\t\t\t<div class=\"elementor-element elementor-element-7b9f213e e-con-full e-flex e-con e-parent\" data-id=\"7b9f213e\" data-element_type=\"container\" data-settings=\"{&quot;background_background&quot;:&quot;classic&quot;,&quot;content_width&quot;:&quot;full&quot;}\" data-core-v316-plus=\"true\">\n\t\t\t\t<div class=\"elementor-element elementor-element-790c7b69 elementor-widget elementor-widget-heading\" data-id=\"790c7b69\" data-element_type=\"widget\" data-widget_type=\"heading.default\">\n\t\t\t\t<div class=\"elementor-widget-container\">\n\t\t\t<style>\/*! elementor - v3.19.0 - 07-02-2024 *\/\n.elementor-heading-title{padding:0;margin:0;line-height:1}.elementor-widget-heading .elementor-heading-title[class*=elementor-size-]>a{color:inherit;font-size:inherit;line-height:inherit}.elementor-widget-heading .elementor-heading-title.elementor-size-small{font-size:15px}.elementor-widget-heading .elementor-heading-title.elementor-size-medium{font-size:19px}.elementor-widget-heading .elementor-heading-title.elementor-size-large{font-size:29px}.elementor-widget-heading .elementor-heading-title.elementor-size-xl{font-size:39px}.elementor-widget-heading .elementor-heading-title.elementor-size-xxl{font-size:59px}<\/style><h2 class=\"elementor-heading-title elementor-size-default\">Seguro Residencial<\/h2>\t\t<\/div>\n\t\t\t\t<\/div>\n\t\t\t\t<\/div>\n\t\t<div class=\"elementor-element elementor-element-2d3e484e e-flex e-con-boxed e-con e-parent\" data-id=\"2d3e484e\" data-element_type=\"container\" data-settings=\"{&quot;background_background&quot;:&quot;classic&quot;,&quot;content_width&quot;:&quot;boxed&quot;}\" data-core-v316-plus=\"true\">\n\t\t\t\t\t<div class=\"e-con-inner\">\n\t\t<div class=\"elementor-element elementor-element-7877c457 e-con-full elementor-hidden-mobile e-flex e-con e-child\" data-id=\"7877c457\" data-element_type=\"container\" data-settings=\"{&quot;content_width&quot;:&quot;full&quot;}\">\n\t\t\t\t<div class=\"elementor-element elementor-element-721e77f7 elementor-hidden-mobile elementor-widget elementor-widget-image\" data-id=\"721e77f7\" data-element_type=\"widget\" data-widget_type=\"image.default\">\n\t\t\t\t<div class=\"elementor-widget-container\">\n\t\t\t<style>\/*! elementor - v3.19.0 - 07-02-2024 *\/\n.elementor-widget-image{text-align:center}.elementor-widget-image a{display:inline-block}.elementor-widget-image a img[src$=\".svg\"]{width:48px}.elementor-widget-image img{vertical-align:middle;display:inline-block}<\/style>\t\t\t\t\t\t\t\t\t\t<img fetchpriority=\"high\" decoding=\"async\" width=\"2560\" height=\"1704\" src=\"https:\/\/corretoramrj.com.br\/wp-content\/uploads\/2024\/03\/family-spending-time-together-home-2-scaled.jpg\" class=\"attachment-full size-full wp-image-1010\" alt=\"\" srcset=\"https:\/\/corretoramrj.com.br\/wp-content\/uploads\/2024\/03\/family-spending-time-together-home-2-scaled.jpg 2560w, https:\/\/corretoramrj.com.br\/wp-content\/uploads\/2024\/03\/family-spending-time-together-home-2-300x200.jpg 300w, https:\/\/corretoramrj.com.br\/wp-content\/uploads\/2024\/03\/family-spending-time-together-home-2-1024x681.jpg 1024w, https:\/\/corretoramrj.com.br\/wp-content\/uploads\/2024\/03\/family-spending-time-together-home-2-768x511.jpg 768w, https:\/\/corretoramrj.com.br\/wp-content\/uploads\/2024\/03\/family-spending-time-together-home-2-1536x1022.jpg 1536w, https:\/\/corretoramrj.com.br\/wp-content\/uploads\/2024\/03\/family-spending-time-together-home-2-2048x1363.jpg 2048w\" sizes=\"(max-width: 2560px) 100vw, 2560px\" \/>\t\t\t\t\t\t\t\t\t\t\t\t\t<\/div>\n\t\t\t\t<\/div>\n\t\t\t\t<\/div>\n\t\t<div class=\"elementor-element elementor-element-6bfa7ade e-con-full e-flex e-con e-child\" data-id=\"6bfa7ade\" data-element_type=\"container\" data-settings=\"{&quot;content_width&quot;:&quot;full&quot;}\">\n\t\t\t\t<div class=\"elementor-element elementor-element-5e0400b3 elementor-widget elementor-widget-heading\" data-id=\"5e0400b3\" data-element_type=\"widget\" data-widget_type=\"heading.default\">\n\t\t\t\t<div class=\"elementor-widget-container\">\n\t\t\t<h2 class=\"elementor-heading-title elementor-size-default\">Por que obter seguro residencial?<\/h2>\t\t<\/div>\n\t\t\t\t<\/div>\n\t\t\t\t<div class=\"elementor-element elementor-element-59431b69 elementor-widget elementor-widget-heading\" data-id=\"59431b69\" data-element_type=\"widget\" data-widget_type=\"heading.default\">\n\t\t\t\t<div class=\"elementor-widget-container\">\n\t\t\t<h2 class=\"elementor-heading-title elementor-size-default\">O seguro residencial \u00e9 uma prote\u00e7\u00e3o para a casa do segurado e seus conte\u00fados contra uma variedade de riscos. Ele cobre danos \u00e0 estrutura da casa causados por eventos naturais ou acidentais, como inc\u00eandios, explos\u00f5es, raios e inunda\u00e7\u00f5es, al\u00e9m de oferecer cobertura para os conte\u00fados do im\u00f3vel contra danos ou roubo. Tamb\u00e9m inclui responsabilidade civil, assist\u00eancia 24 horas e op\u00e7\u00f5es de coberturas adicionais, como prote\u00e7\u00e3o contra roubo e danos causados por animais de estima\u00e7\u00e3o. O valor do pr\u00eamio \u00e9 determinado com base no valor do im\u00f3vel e dos conte\u00fados segurados, com possibilidade de inclus\u00e3o de franquia. O seguro residencial proporciona tranquilidade ao proteger o patrim\u00f4nio do segurado e sua resid\u00eancia.<\/h2>\t\t<\/div>\n\t\t\t\t<\/div>\n\t\t\t\t<div class=\"elementor-element elementor-element-b5825ee elementor-align-left elementor-mobile-align-center elementor-widget elementor-widget-button\" data-id=\"b5825ee\" data-element_type=\"widget\" data-widget_type=\"button.default\">\n\t\t\t\t<div class=\"elementor-widget-container\">\n\t\t\t\t\t<div class=\"elementor-button-wrapper\">\n\t\t\t<a class=\"elementor-button elementor-button-link elementor-size-lg\" href=\"https:\/\/api.whatsapp.com\/send\/?phone=5519989797444\">\n\t\t\t\t\t\t<span class=\"elementor-button-content-wrapper\">\n\t\t\t\t\t\t<span class=\"elementor-button-text\">Fazer cota\u00e7\u00e3o<\/span>\n\t\t<\/span>\n\t\t\t\t\t<\/a>\n\t\t<\/div>\n\t\t\t\t<\/div>\n\t\t\t\t<\/div>\n\t\t\t\t<\/div>\n\t\t\t\t\t<\/div>\n\t\t\t\t<\/div>\n\t\t\t\t<\/div>\n\t\t","protected":false},"excerpt":{"rendered":"<p>Seguro Residencial Por que obter seguro residencial? O seguro residencial \u00e9 uma prote\u00e7\u00e3o para a casa do segurado e seus conte\u00fados contra uma variedade de riscos. Ele cobre danos \u00e0 estrutura da casa causados por eventos naturais ou acidentais, como inc\u00eandios, explos\u00f5es, raios e inunda\u00e7\u00f5es, al\u00e9m de oferecer cobertura para os conte\u00fados do im\u00f3vel contra [&hellip;]<\/p>\n","protected":false},"author":1,"featured_media":0,"parent":0,"menu_order":0,"comment_status":"closed","ping_status":"closed","template":"","meta":{"_joinchat":[],"footnotes":""},"_links":{"self":[{"href":"https:\/\/corretoramrj.com.br\/index.php\/wp-json\/wp\/v2\/pages\/1007"}],"collection":[{"href":"https:\/\/corretoramrj.com.br\/index.php\/wp-json\/wp\/v2\/pages"}],"about":[{"href":"https:\/\/corretoramrj.com.br\/index.php\/wp-json\/wp\/v2\/types\/page"}],"author":[{"embeddable":true,"href":"https:\/\/corretoramrj.com.br\/index.php\/wp-json\/wp\/v2\/users\/1"}],"replies":[{"embeddable":true,"href":"https:\/\/corretoramrj.com.br\/index.php\/wp-json\/wp\/v2\/comments?post=1007"}],"version-history":[{"count":19,"href":"https:\/\/corretoramrj.com.br\/index.php\/wp-json\/wp\/v2\/pages\/1007\/revisions"}],"predecessor-version":[{"id":1407,"href":"https:\/\/corretoramrj.com.br\/index.php\/wp-json\/wp\/v2\/pages\/1007\/revisions\/1407"}],"wp:attachment":[{"href":"https:\/\/corretoramrj.com.br\/index.php\/wp-json\/wp\/v2\/media?parent=1007"}],"curies":[{"name":"wp","href":"https:\/\/api.w.org\/{rel}","templated":true}]}}