{"id":618,"date":"2024-02-15T20:02:12","date_gmt":"2024-02-15T23:02:12","guid":{"rendered":"https:\/\/corretoramrj.com.br\/?page_id=618"},"modified":"2024-04-07T21:24:05","modified_gmt":"2024-04-08T00:24:05","slug":"seguro-empresarial","status":"publish","type":"page","link":"https:\/\/corretoramrj.com.br\/index.php\/seguro-empresarial\/","title":{"rendered":"Seguro de Auto"},"content":{"rendered":"\t\t<div data-elementor-type=\"wp-page\" data-elementor-id=\"618\" class=\"elementor elementor-618\">\n\t\t\t\t<div class=\"elementor-element elementor-element-747c5279 e-con-full e-flex e-con e-parent\" data-id=\"747c5279\" data-element_type=\"container\" data-settings=\"{&quot;background_background&quot;:&quot;classic&quot;,&quot;content_width&quot;:&quot;full&quot;}\" data-core-v316-plus=\"true\">\n\t\t\t\t<div class=\"elementor-element elementor-element-7d12d187 elementor-widget elementor-widget-heading\" data-id=\"7d12d187\" data-element_type=\"widget\" data-widget_type=\"heading.default\">\n\t\t\t\t<div class=\"elementor-widget-container\">\n\t\t\t<style>\/*! elementor - v3.19.0 - 07-02-2024 *\/\n.elementor-heading-title{padding:0;margin:0;line-height:1}.elementor-widget-heading .elementor-heading-title[class*=elementor-size-]>a{color:inherit;font-size:inherit;line-height:inherit}.elementor-widget-heading .elementor-heading-title.elementor-size-small{font-size:15px}.elementor-widget-heading .elementor-heading-title.elementor-size-medium{font-size:19px}.elementor-widget-heading .elementor-heading-title.elementor-size-large{font-size:29px}.elementor-widget-heading .elementor-heading-title.elementor-size-xl{font-size:39px}.elementor-widget-heading .elementor-heading-title.elementor-size-xxl{font-size:59px}<\/style><h2 class=\"elementor-heading-title elementor-size-default\">Seguro de Autom\u00f3vel<\/h2>\t\t<\/div>\n\t\t\t\t<\/div>\n\t\t\t\t<\/div>\n\t\t<div class=\"elementor-element elementor-element-479c27fa e-flex e-con-boxed e-con e-parent\" data-id=\"479c27fa\" data-element_type=\"container\" data-settings=\"{&quot;background_background&quot;:&quot;classic&quot;,&quot;content_width&quot;:&quot;boxed&quot;}\" data-core-v316-plus=\"true\">\n\t\t\t\t\t<div class=\"e-con-inner\">\n\t\t<div class=\"elementor-element elementor-element-2f602c58 e-con-full elementor-hidden-mobile e-flex e-con e-child\" data-id=\"2f602c58\" data-element_type=\"container\" data-settings=\"{&quot;content_width&quot;:&quot;full&quot;}\">\n\t\t\t\t<div class=\"elementor-element elementor-element-1747b8a elementor-hidden-mobile elementor-widget elementor-widget-image\" data-id=\"1747b8a\" data-element_type=\"widget\" data-widget_type=\"image.default\">\n\t\t\t\t<div class=\"elementor-widget-container\">\n\t\t\t<style>\/*! elementor - v3.19.0 - 07-02-2024 *\/\n.elementor-widget-image{text-align:center}.elementor-widget-image a{display:inline-block}.elementor-widget-image a img[src$=\".svg\"]{width:48px}.elementor-widget-image img{vertical-align:middle;display:inline-block}<\/style>\t\t\t\t\t\t\t\t\t\t<img fetchpriority=\"high\" decoding=\"async\" width=\"768\" height=\"513\" src=\"https:\/\/corretoramrj.com.br\/wp-content\/uploads\/2024\/03\/happy-young-couple-enjoying-their-brand-new-car-768x513.jpg\" class=\"attachment-medium_large size-medium_large wp-image-934\" alt=\"\" srcset=\"https:\/\/corretoramrj.com.br\/wp-content\/uploads\/2024\/03\/happy-young-couple-enjoying-their-brand-new-car-768x513.jpg 768w, https:\/\/corretoramrj.com.br\/wp-content\/uploads\/2024\/03\/happy-young-couple-enjoying-their-brand-new-car-300x200.jpg 300w, https:\/\/corretoramrj.com.br\/wp-content\/uploads\/2024\/03\/happy-young-couple-enjoying-their-brand-new-car-1024x683.jpg 1024w, https:\/\/corretoramrj.com.br\/wp-content\/uploads\/2024\/03\/happy-young-couple-enjoying-their-brand-new-car-1536x1025.jpg 1536w, https:\/\/corretoramrj.com.br\/wp-content\/uploads\/2024\/03\/happy-young-couple-enjoying-their-brand-new-car-2048x1367.jpg 2048w\" sizes=\"(max-width: 768px) 100vw, 768px\" \/>\t\t\t\t\t\t\t\t\t\t\t\t\t<\/div>\n\t\t\t\t<\/div>\n\t\t\t\t<\/div>\n\t\t<div class=\"elementor-element elementor-element-6f49bf39 e-con-full e-flex e-con e-child\" data-id=\"6f49bf39\" data-element_type=\"container\" data-settings=\"{&quot;content_width&quot;:&quot;full&quot;}\">\n\t\t\t\t<div class=\"elementor-element elementor-element-6ad32283 elementor-widget elementor-widget-heading\" data-id=\"6ad32283\" data-element_type=\"widget\" data-widget_type=\"heading.default\">\n\t\t\t\t<div class=\"elementor-widget-container\">\n\t\t\t<h2 class=\"elementor-heading-title elementor-size-default\">Por que obter seguro de autom\u00f3vel?<\/h2>\t\t<\/div>\n\t\t\t\t<\/div>\n\t\t\t\t<div class=\"elementor-element elementor-element-cda6968 elementor-widget elementor-widget-heading\" data-id=\"cda6968\" data-element_type=\"widget\" data-widget_type=\"heading.default\">\n\t\t\t\t<div class=\"elementor-widget-container\">\n\t\t\t<h2 class=\"elementor-heading-title elementor-size-default\">O seguro de autom\u00f3vel oferece prote\u00e7\u00e3o financeira contra danos, roubos e responsabilidade civil em acidentes. As coberturas b\u00e1sicas incluem danos a terceiros e danos ao pr\u00f3prio ve\u00edculo. Existem tamb\u00e9m coberturas opcionais, como acidentes pessoais de passageiros e cobertura de vidros. O pr\u00eamio de seguro \u00e9 determinado com base em v\u00e1rios fatores, como perfil do condutor e modelo do ve\u00edculo. Em caso de sinistro, o segurado entra em contato com a seguradora para iniciar o processo de reivindica\u00e7\u00e3o. \u00c9 essencial comparar as op\u00e7\u00f5es dispon\u00edveis para escolher uma ap\u00f3lice que atenda \u00e0s necessidades individuais.<\/h2>\t\t<\/div>\n\t\t\t\t<\/div>\n\t\t\t\t<div class=\"elementor-element elementor-element-09272c5 elementor-align-left elementor-mobile-align-center elementor-widget elementor-widget-button\" data-id=\"09272c5\" data-element_type=\"widget\" data-widget_type=\"button.default\">\n\t\t\t\t<div class=\"elementor-widget-container\">\n\t\t\t\t\t<div class=\"elementor-button-wrapper\">\n\t\t\t<a class=\"elementor-button elementor-button-link elementor-size-lg\" href=\"https:\/\/api.whatsapp.com\/send\/?phone=5519989797444\">\n\t\t\t\t\t\t<span class=\"elementor-button-content-wrapper\">\n\t\t\t\t\t\t<span class=\"elementor-button-text\">Fazer cota\u00e7\u00e3o<\/span>\n\t\t<\/span>\n\t\t\t\t\t<\/a>\n\t\t<\/div>\n\t\t\t\t<\/div>\n\t\t\t\t<\/div>\n\t\t\t\t<\/div>\n\t\t\t\t\t<\/div>\n\t\t\t\t<\/div>\n\t\t\t\t<\/div>\n\t\t","protected":false},"excerpt":{"rendered":"<p>Seguro de Autom\u00f3vel Por que obter seguro de autom\u00f3vel? O seguro de autom\u00f3vel oferece prote\u00e7\u00e3o financeira contra danos, roubos e responsabilidade civil em acidentes. As coberturas b\u00e1sicas incluem danos a terceiros e danos ao pr\u00f3prio ve\u00edculo. Existem tamb\u00e9m coberturas opcionais, como acidentes pessoais de passageiros e cobertura de vidros. O pr\u00eamio de seguro \u00e9 determinado [&hellip;]<\/p>\n","protected":false},"author":1,"featured_media":0,"parent":0,"menu_order":0,"comment_status":"closed","ping_status":"closed","template":"","meta":{"_joinchat":[],"footnotes":""},"_links":{"self":[{"href":"https:\/\/corretoramrj.com.br\/index.php\/wp-json\/wp\/v2\/pages\/618"}],"collection":[{"href":"https:\/\/corretoramrj.com.br\/index.php\/wp-json\/wp\/v2\/pages"}],"about":[{"href":"https:\/\/corretoramrj.com.br\/index.php\/wp-json\/wp\/v2\/types\/page"}],"author":[{"embeddable":true,"href":"https:\/\/corretoramrj.com.br\/index.php\/wp-json\/wp\/v2\/users\/1"}],"replies":[{"embeddable":true,"href":"https:\/\/corretoramrj.com.br\/index.php\/wp-json\/wp\/v2\/comments?post=618"}],"version-history":[{"count":44,"href":"https:\/\/corretoramrj.com.br\/index.php\/wp-json\/wp\/v2\/pages\/618\/revisions"}],"predecessor-version":[{"id":1380,"href":"https:\/\/corretoramrj.com.br\/index.php\/wp-json\/wp\/v2\/pages\/618\/revisions\/1380"}],"wp:attachment":[{"href":"https:\/\/corretoramrj.com.br\/index.php\/wp-json\/wp\/v2\/media?parent=618"}],"curies":[{"name":"wp","href":"https:\/\/api.w.org\/{rel}","templated":true}]}}