{"id":948,"date":"2024-03-20T19:29:41","date_gmt":"2024-03-20T22:29:41","guid":{"rendered":"https:\/\/corretoramrj.com.br\/?page_id=948"},"modified":"2024-04-07T21:24:22","modified_gmt":"2024-04-08T00:24:22","slug":"seguro-de-motocicleta","status":"publish","type":"page","link":"https:\/\/corretoramrj.com.br\/index.php\/seguro-de-motocicleta\/","title":{"rendered":"Seguro de Motocicleta"},"content":{"rendered":"\t\t<div data-elementor-type=\"wp-page\" data-elementor-id=\"948\" class=\"elementor elementor-948\">\n\t\t\t\t<div class=\"elementor-element elementor-element-3fa04902 e-con-full e-flex e-con e-parent\" data-id=\"3fa04902\" data-element_type=\"container\" data-settings=\"{&quot;background_background&quot;:&quot;classic&quot;,&quot;content_width&quot;:&quot;full&quot;}\" data-core-v316-plus=\"true\">\n\t\t\t\t<div class=\"elementor-element elementor-element-2e8087 elementor-widget elementor-widget-heading\" data-id=\"2e8087\" data-element_type=\"widget\" data-widget_type=\"heading.default\">\n\t\t\t\t<div class=\"elementor-widget-container\">\n\t\t\t<style>\/*! elementor - v3.19.0 - 07-02-2024 *\/\n.elementor-heading-title{padding:0;margin:0;line-height:1}.elementor-widget-heading .elementor-heading-title[class*=elementor-size-]>a{color:inherit;font-size:inherit;line-height:inherit}.elementor-widget-heading .elementor-heading-title.elementor-size-small{font-size:15px}.elementor-widget-heading .elementor-heading-title.elementor-size-medium{font-size:19px}.elementor-widget-heading .elementor-heading-title.elementor-size-large{font-size:29px}.elementor-widget-heading .elementor-heading-title.elementor-size-xl{font-size:39px}.elementor-widget-heading .elementor-heading-title.elementor-size-xxl{font-size:59px}<\/style><h2 class=\"elementor-heading-title elementor-size-default\">Seguro de Motocicleta<\/h2>\t\t<\/div>\n\t\t\t\t<\/div>\n\t\t\t\t<\/div>\n\t\t<div class=\"elementor-element elementor-element-a0dccb0 e-flex e-con-boxed e-con e-parent\" data-id=\"a0dccb0\" data-element_type=\"container\" data-settings=\"{&quot;background_background&quot;:&quot;classic&quot;,&quot;content_width&quot;:&quot;boxed&quot;}\" data-core-v316-plus=\"true\">\n\t\t\t\t\t<div class=\"e-con-inner\">\n\t\t<div class=\"elementor-element elementor-element-8fbaf2f e-con-full elementor-hidden-mobile e-flex e-con e-child\" data-id=\"8fbaf2f\" data-element_type=\"container\" data-settings=\"{&quot;content_width&quot;:&quot;full&quot;}\">\n\t\t\t\t<div class=\"elementor-element elementor-element-7ad0fed7 elementor-hidden-mobile elementor-widget elementor-widget-image\" data-id=\"7ad0fed7\" data-element_type=\"widget\" data-widget_type=\"image.default\">\n\t\t\t\t<div class=\"elementor-widget-container\">\n\t\t\t<style>\/*! elementor - v3.19.0 - 07-02-2024 *\/\n.elementor-widget-image{text-align:center}.elementor-widget-image a{display:inline-block}.elementor-widget-image a img[src$=\".svg\"]{width:48px}.elementor-widget-image img{vertical-align:middle;display:inline-block}<\/style>\t\t\t\t\t\t\t\t\t\t<img fetchpriority=\"high\" decoding=\"async\" width=\"768\" height=\"512\" src=\"https:\/\/corretoramrj.com.br\/wp-content\/uploads\/2024\/03\/side-view-man-with-motorbike-768x512.jpg\" class=\"attachment-medium_large size-medium_large wp-image-951\" alt=\"\" srcset=\"https:\/\/corretoramrj.com.br\/wp-content\/uploads\/2024\/03\/side-view-man-with-motorbike-768x512.jpg 768w, https:\/\/corretoramrj.com.br\/wp-content\/uploads\/2024\/03\/side-view-man-with-motorbike-300x200.jpg 300w, https:\/\/corretoramrj.com.br\/wp-content\/uploads\/2024\/03\/side-view-man-with-motorbike-1024x683.jpg 1024w, https:\/\/corretoramrj.com.br\/wp-content\/uploads\/2024\/03\/side-view-man-with-motorbike-1536x1024.jpg 1536w, https:\/\/corretoramrj.com.br\/wp-content\/uploads\/2024\/03\/side-view-man-with-motorbike-2048x1366.jpg 2048w\" sizes=\"(max-width: 768px) 100vw, 768px\" \/>\t\t\t\t\t\t\t\t\t\t\t\t\t<\/div>\n\t\t\t\t<\/div>\n\t\t\t\t<\/div>\n\t\t<div class=\"elementor-element elementor-element-278e901a e-con-full e-flex e-con e-child\" data-id=\"278e901a\" data-element_type=\"container\" data-settings=\"{&quot;content_width&quot;:&quot;full&quot;}\">\n\t\t\t\t<div class=\"elementor-element elementor-element-6ae691f2 elementor-widget elementor-widget-heading\" data-id=\"6ae691f2\" data-element_type=\"widget\" data-widget_type=\"heading.default\">\n\t\t\t\t<div class=\"elementor-widget-container\">\n\t\t\t<h2 class=\"elementor-heading-title elementor-size-default\">Por que obter seguro de motocicleta?<\/h2>\t\t<\/div>\n\t\t\t\t<\/div>\n\t\t\t\t<div class=\"elementor-element elementor-element-794c112b elementor-widget elementor-widget-heading\" data-id=\"794c112b\" data-element_type=\"widget\" data-widget_type=\"heading.default\">\n\t\t\t\t<div class=\"elementor-widget-container\">\n\t\t\t<h2 class=\"elementor-heading-title elementor-size-default\">O seguro de moto oferece prote\u00e7\u00e3o financeira para propriet\u00e1rios de motocicletas contra danos, roubo e responsabilidade civil em acidentes. As coberturas b\u00e1sicas incluem danos a terceiros e danos ao pr\u00f3prio ve\u00edculo. H\u00e1 tamb\u00e9m coberturas opcionais, como acidentes pessoais de passageiros e cobertura contra roubo. O pr\u00eamio de seguro \u00e9 determinado com base em fatores como perfil do condutor e modelo da moto. Em caso de sinistro, o segurado contata a seguradora para iniciar o processo de reivindica\u00e7\u00e3o. \u00c9 importante escolher uma ap\u00f3lice que atenda \u00e0s necessidades individuais e ofere\u00e7a um bom custo-benef\u00edcio.<\/h2>\t\t<\/div>\n\t\t\t\t<\/div>\n\t\t\t\t<div class=\"elementor-element elementor-element-5647804 elementor-align-left elementor-mobile-align-center elementor-widget elementor-widget-button\" data-id=\"5647804\" data-element_type=\"widget\" data-widget_type=\"button.default\">\n\t\t\t\t<div class=\"elementor-widget-container\">\n\t\t\t\t\t<div class=\"elementor-button-wrapper\">\n\t\t\t<a class=\"elementor-button elementor-button-link elementor-size-lg\" href=\"https:\/\/api.whatsapp.com\/send\/?phone=5519989797444\">\n\t\t\t\t\t\t<span class=\"elementor-button-content-wrapper\">\n\t\t\t\t\t\t<span class=\"elementor-button-text\">Fazer cota\u00e7\u00e3o<\/span>\n\t\t<\/span>\n\t\t\t\t\t<\/a>\n\t\t<\/div>\n\t\t\t\t<\/div>\n\t\t\t\t<\/div>\n\t\t\t\t<\/div>\n\t\t\t\t\t<\/div>\n\t\t\t\t<\/div>\n\t\t\t\t<\/div>\n\t\t","protected":false},"excerpt":{"rendered":"<p>Seguro de Motocicleta Por que obter seguro de motocicleta? O seguro de moto oferece prote\u00e7\u00e3o financeira para propriet\u00e1rios de motocicletas contra danos, roubo e responsabilidade civil em acidentes. As coberturas b\u00e1sicas incluem danos a terceiros e danos ao pr\u00f3prio ve\u00edculo. H\u00e1 tamb\u00e9m coberturas opcionais, como acidentes pessoais de passageiros e cobertura contra roubo. O pr\u00eamio [&hellip;]<\/p>\n","protected":false},"author":1,"featured_media":0,"parent":0,"menu_order":0,"comment_status":"closed","ping_status":"closed","template":"","meta":{"_joinchat":[],"footnotes":""},"_links":{"self":[{"href":"https:\/\/corretoramrj.com.br\/index.php\/wp-json\/wp\/v2\/pages\/948"}],"collection":[{"href":"https:\/\/corretoramrj.com.br\/index.php\/wp-json\/wp\/v2\/pages"}],"about":[{"href":"https:\/\/corretoramrj.com.br\/index.php\/wp-json\/wp\/v2\/types\/page"}],"author":[{"embeddable":true,"href":"https:\/\/corretoramrj.com.br\/index.php\/wp-json\/wp\/v2\/users\/1"}],"replies":[{"embeddable":true,"href":"https:\/\/corretoramrj.com.br\/index.php\/wp-json\/wp\/v2\/comments?post=948"}],"version-history":[{"count":16,"href":"https:\/\/corretoramrj.com.br\/index.php\/wp-json\/wp\/v2\/pages\/948\/revisions"}],"predecessor-version":[{"id":1383,"href":"https:\/\/corretoramrj.com.br\/index.php\/wp-json\/wp\/v2\/pages\/948\/revisions\/1383"}],"wp:attachment":[{"href":"https:\/\/corretoramrj.com.br\/index.php\/wp-json\/wp\/v2\/media?parent=948"}],"curies":[{"name":"wp","href":"https:\/\/api.w.org\/{rel}","templated":true}]}}