{"id":962,"date":"2024-03-20T19:41:07","date_gmt":"2024-03-20T22:41:07","guid":{"rendered":"https:\/\/corretoramrj.com.br\/?page_id=962"},"modified":"2024-04-07T21:25:35","modified_gmt":"2024-04-08T00:25:35","slug":"seguro-de-vida","status":"publish","type":"page","link":"https:\/\/corretoramrj.com.br\/index.php\/seguro-de-vida\/","title":{"rendered":"Seguro de Vida"},"content":{"rendered":"\t\t<div data-elementor-type=\"wp-page\" data-elementor-id=\"962\" class=\"elementor elementor-962\">\n\t\t\t\t<div class=\"elementor-element elementor-element-59faf06f e-con-full e-flex e-con e-parent\" data-id=\"59faf06f\" data-element_type=\"container\" id=\"segurovida\" data-settings=\"{&quot;background_background&quot;:&quot;classic&quot;,&quot;content_width&quot;:&quot;full&quot;}\" data-core-v316-plus=\"true\">\n\t\t\t\t<div class=\"elementor-element elementor-element-38824836 elementor-widget elementor-widget-heading\" data-id=\"38824836\" data-element_type=\"widget\" data-widget_type=\"heading.default\">\n\t\t\t\t<div class=\"elementor-widget-container\">\n\t\t\t<style>\/*! elementor - v3.19.0 - 07-02-2024 *\/\n.elementor-heading-title{padding:0;margin:0;line-height:1}.elementor-widget-heading .elementor-heading-title[class*=elementor-size-]>a{color:inherit;font-size:inherit;line-height:inherit}.elementor-widget-heading .elementor-heading-title.elementor-size-small{font-size:15px}.elementor-widget-heading .elementor-heading-title.elementor-size-medium{font-size:19px}.elementor-widget-heading .elementor-heading-title.elementor-size-large{font-size:29px}.elementor-widget-heading .elementor-heading-title.elementor-size-xl{font-size:39px}.elementor-widget-heading .elementor-heading-title.elementor-size-xxl{font-size:59px}<\/style><h2 class=\"elementor-heading-title elementor-size-default\">Seguro de Vida<\/h2>\t\t<\/div>\n\t\t\t\t<\/div>\n\t\t\t\t<\/div>\n\t\t<div class=\"elementor-element elementor-element-2256db86 e-flex e-con-boxed e-con e-parent\" data-id=\"2256db86\" data-element_type=\"container\" id=\"segurovida\" data-settings=\"{&quot;background_background&quot;:&quot;classic&quot;,&quot;content_width&quot;:&quot;boxed&quot;}\" data-core-v316-plus=\"true\">\n\t\t\t\t\t<div class=\"e-con-inner\">\n\t\t<div class=\"elementor-element elementor-element-672658ec e-con-full elementor-hidden-mobile e-flex e-con e-child\" data-id=\"672658ec\" data-element_type=\"container\" data-settings=\"{&quot;content_width&quot;:&quot;full&quot;}\">\n\t\t\t\t<div class=\"elementor-element elementor-element-46019b42 elementor-hidden-mobile elementor-widget elementor-widget-image\" data-id=\"46019b42\" data-element_type=\"widget\" data-widget_type=\"image.default\">\n\t\t\t\t<div class=\"elementor-widget-container\">\n\t\t\t<style>\/*! elementor - v3.19.0 - 07-02-2024 *\/\n.elementor-widget-image{text-align:center}.elementor-widget-image a{display:inline-block}.elementor-widget-image a img[src$=\".svg\"]{width:48px}.elementor-widget-image img{vertical-align:middle;display:inline-block}<\/style>\t\t\t\t\t\t\t\t\t\t<img fetchpriority=\"high\" decoding=\"async\" width=\"768\" height=\"512\" src=\"https:\/\/corretoramrj.com.br\/wp-content\/uploads\/2024\/03\/young-family-with-their-sons-home-having-fun-768x512.jpg\" class=\"attachment-medium_large size-medium_large wp-image-965\" alt=\"\" srcset=\"https:\/\/corretoramrj.com.br\/wp-content\/uploads\/2024\/03\/young-family-with-their-sons-home-having-fun-768x512.jpg 768w, https:\/\/corretoramrj.com.br\/wp-content\/uploads\/2024\/03\/young-family-with-their-sons-home-having-fun-300x200.jpg 300w, https:\/\/corretoramrj.com.br\/wp-content\/uploads\/2024\/03\/young-family-with-their-sons-home-having-fun-1024x683.jpg 1024w, https:\/\/corretoramrj.com.br\/wp-content\/uploads\/2024\/03\/young-family-with-their-sons-home-having-fun-1536x1024.jpg 1536w, https:\/\/corretoramrj.com.br\/wp-content\/uploads\/2024\/03\/young-family-with-their-sons-home-having-fun-2048x1365.jpg 2048w\" sizes=\"(max-width: 768px) 100vw, 768px\" \/>\t\t\t\t\t\t\t\t\t\t\t\t\t<\/div>\n\t\t\t\t<\/div>\n\t\t\t\t<\/div>\n\t\t<div class=\"elementor-element elementor-element-4e17daa9 e-con-full e-flex e-con e-child\" data-id=\"4e17daa9\" data-element_type=\"container\" data-settings=\"{&quot;content_width&quot;:&quot;full&quot;}\">\n\t\t\t\t<div class=\"elementor-element elementor-element-68b3f678 elementor-widget elementor-widget-heading\" data-id=\"68b3f678\" data-element_type=\"widget\" data-widget_type=\"heading.default\">\n\t\t\t\t<div class=\"elementor-widget-container\">\n\t\t\t<h2 class=\"elementor-heading-title elementor-size-default\">Por que obter seguro de vida?<\/h2>\t\t<\/div>\n\t\t\t\t<\/div>\n\t\t\t\t<div class=\"elementor-element elementor-element-2e4c206 elementor-widget elementor-widget-heading\" data-id=\"2e4c206\" data-element_type=\"widget\" data-widget_type=\"heading.default\">\n\t\t\t\t<div class=\"elementor-widget-container\">\n\t\t\t<h2 class=\"elementor-heading-title elementor-size-default\">O seguro de vida \u00e9 um contrato em que uma seguradora se compromete a pagar um benef\u00edcio aos benefici\u00e1rios designados do segurado em caso de sua morte durante o per\u00edodo de vig\u00eancia da ap\u00f3lice. O segurado paga um pr\u00eamio peri\u00f3dico \u00e0 seguradora para manter a ap\u00f3lice ativa, e o valor do pr\u00eamio \u00e9 baseado em fatores como idade, sa\u00fade e valor do benef\u00edcio. Al\u00e9m da cobertura b\u00e1sica de morte, algumas ap\u00f3lices oferecem coberturas adicionais, como invalidez total e permanente e doen\u00e7as graves. O seguro de vida \u00e9 utilizado como uma ferramenta de planejamento financeiro para garantir a prote\u00e7\u00e3o financeira da fam\u00edlia do segurado em caso de sua morte, cobrindo despesas como hipoteca e educa\u00e7\u00e3o dos filhos.<\/h2>\t\t<\/div>\n\t\t\t\t<\/div>\n\t\t\t\t<div class=\"elementor-element elementor-element-68640491 elementor-align-left elementor-mobile-align-center elementor-widget elementor-widget-button\" data-id=\"68640491\" data-element_type=\"widget\" data-widget_type=\"button.default\">\n\t\t\t\t<div class=\"elementor-widget-container\">\n\t\t\t\t\t<div class=\"elementor-button-wrapper\">\n\t\t\t<a class=\"elementor-button elementor-button-link elementor-size-lg\" href=\"https:\/\/api.whatsapp.com\/send\/?phone=5519989797444\">\n\t\t\t\t\t\t<span class=\"elementor-button-content-wrapper\">\n\t\t\t\t\t\t<span class=\"elementor-button-text\">Fazer cota\u00e7\u00e3o<\/span>\n\t\t<\/span>\n\t\t\t\t\t<\/a>\n\t\t<\/div>\n\t\t\t\t<\/div>\n\t\t\t\t<\/div>\n\t\t\t\t<\/div>\n\t\t\t\t\t<\/div>\n\t\t\t\t<\/div>\n\t\t\t\t<\/div>\n\t\t","protected":false},"excerpt":{"rendered":"<p>Seguro de Vida Por que obter seguro de vida? O seguro de vida \u00e9 um contrato em que uma seguradora se compromete a pagar um benef\u00edcio aos benefici\u00e1rios designados do segurado em caso de sua morte durante o per\u00edodo de vig\u00eancia da ap\u00f3lice. O segurado paga um pr\u00eamio peri\u00f3dico \u00e0 seguradora para manter a ap\u00f3lice [&hellip;]<\/p>\n","protected":false},"author":1,"featured_media":0,"parent":0,"menu_order":0,"comment_status":"closed","ping_status":"closed","template":"","meta":{"_joinchat":[],"footnotes":""},"_links":{"self":[{"href":"https:\/\/corretoramrj.com.br\/index.php\/wp-json\/wp\/v2\/pages\/962"}],"collection":[{"href":"https:\/\/corretoramrj.com.br\/index.php\/wp-json\/wp\/v2\/pages"}],"about":[{"href":"https:\/\/corretoramrj.com.br\/index.php\/wp-json\/wp\/v2\/types\/page"}],"author":[{"embeddable":true,"href":"https:\/\/corretoramrj.com.br\/index.php\/wp-json\/wp\/v2\/users\/1"}],"replies":[{"embeddable":true,"href":"https:\/\/corretoramrj.com.br\/index.php\/wp-json\/wp\/v2\/comments?post=962"}],"version-history":[{"count":22,"href":"https:\/\/corretoramrj.com.br\/index.php\/wp-json\/wp\/v2\/pages\/962\/revisions"}],"predecessor-version":[{"id":1389,"href":"https:\/\/corretoramrj.com.br\/index.php\/wp-json\/wp\/v2\/pages\/962\/revisions\/1389"}],"wp:attachment":[{"href":"https:\/\/corretoramrj.com.br\/index.php\/wp-json\/wp\/v2\/media?parent=962"}],"curies":[{"name":"wp","href":"https:\/\/api.w.org\/{rel}","templated":true}]}}