{"id":969,"date":"2024-03-20T19:44:54","date_gmt":"2024-03-20T22:44:54","guid":{"rendered":"https:\/\/corretoramrj.com.br\/?page_id=969"},"modified":"2024-04-07T21:25:53","modified_gmt":"2024-04-08T00:25:53","slug":"seguro-de-equipamentos","status":"publish","type":"page","link":"https:\/\/corretoramrj.com.br\/index.php\/seguro-de-equipamentos\/","title":{"rendered":"Seguro de Equipamentos"},"content":{"rendered":"\t\t<div data-elementor-type=\"wp-page\" data-elementor-id=\"969\" class=\"elementor elementor-969\">\n\t\t\t\t<div class=\"elementor-element elementor-element-44aab5df e-con-full e-flex e-con e-parent\" data-id=\"44aab5df\" data-element_type=\"container\" data-settings=\"{&quot;background_background&quot;:&quot;classic&quot;,&quot;content_width&quot;:&quot;full&quot;}\" data-core-v316-plus=\"true\">\n\t\t\t\t<div class=\"elementor-element elementor-element-343285d elementor-widget elementor-widget-heading\" data-id=\"343285d\" data-element_type=\"widget\" data-widget_type=\"heading.default\">\n\t\t\t\t<div class=\"elementor-widget-container\">\n\t\t\t<style>\/*! elementor - v3.19.0 - 07-02-2024 *\/\n.elementor-heading-title{padding:0;margin:0;line-height:1}.elementor-widget-heading .elementor-heading-title[class*=elementor-size-]>a{color:inherit;font-size:inherit;line-height:inherit}.elementor-widget-heading .elementor-heading-title.elementor-size-small{font-size:15px}.elementor-widget-heading .elementor-heading-title.elementor-size-medium{font-size:19px}.elementor-widget-heading .elementor-heading-title.elementor-size-large{font-size:29px}.elementor-widget-heading .elementor-heading-title.elementor-size-xl{font-size:39px}.elementor-widget-heading .elementor-heading-title.elementor-size-xxl{font-size:59px}<\/style><h2 class=\"elementor-heading-title elementor-size-default\">Seguro de Equipamentos<\/h2>\t\t<\/div>\n\t\t\t\t<\/div>\n\t\t\t\t<\/div>\n\t\t<div class=\"elementor-element elementor-element-67239719 e-flex e-con-boxed e-con e-parent\" data-id=\"67239719\" data-element_type=\"container\" data-settings=\"{&quot;background_background&quot;:&quot;classic&quot;,&quot;content_width&quot;:&quot;boxed&quot;}\" data-core-v316-plus=\"true\">\n\t\t\t\t\t<div class=\"e-con-inner\">\n\t\t<div class=\"elementor-element elementor-element-118185a6 e-con-full elementor-hidden-mobile e-flex e-con e-child\" data-id=\"118185a6\" data-element_type=\"container\" data-settings=\"{&quot;content_width&quot;:&quot;full&quot;}\">\n\t\t\t\t<div class=\"elementor-element elementor-element-29ed226c elementor-hidden-mobile elementor-widget elementor-widget-image\" data-id=\"29ed226c\" data-element_type=\"widget\" data-widget_type=\"image.default\">\n\t\t\t\t<div class=\"elementor-widget-container\">\n\t\t\t<style>\/*! elementor - v3.19.0 - 07-02-2024 *\/\n.elementor-widget-image{text-align:center}.elementor-widget-image a{display:inline-block}.elementor-widget-image a img[src$=\".svg\"]{width:48px}.elementor-widget-image img{vertical-align:middle;display:inline-block}<\/style>\t\t\t\t\t\t\t\t\t\t<img fetchpriority=\"high\" decoding=\"async\" width=\"768\" height=\"513\" src=\"https:\/\/corretoramrj.com.br\/wp-content\/uploads\/2024\/03\/tractor-agricultural-machine-working-field-768x513.jpg\" class=\"attachment-medium_large size-medium_large wp-image-973\" alt=\"\" srcset=\"https:\/\/corretoramrj.com.br\/wp-content\/uploads\/2024\/03\/tractor-agricultural-machine-working-field-768x513.jpg 768w, https:\/\/corretoramrj.com.br\/wp-content\/uploads\/2024\/03\/tractor-agricultural-machine-working-field-300x200.jpg 300w, https:\/\/corretoramrj.com.br\/wp-content\/uploads\/2024\/03\/tractor-agricultural-machine-working-field-1024x683.jpg 1024w, https:\/\/corretoramrj.com.br\/wp-content\/uploads\/2024\/03\/tractor-agricultural-machine-working-field-1536x1025.jpg 1536w, https:\/\/corretoramrj.com.br\/wp-content\/uploads\/2024\/03\/tractor-agricultural-machine-working-field-2048x1367.jpg 2048w\" sizes=\"(max-width: 768px) 100vw, 768px\" \/>\t\t\t\t\t\t\t\t\t\t\t\t\t<\/div>\n\t\t\t\t<\/div>\n\t\t\t\t<\/div>\n\t\t<div class=\"elementor-element elementor-element-73fc6fff e-con-full e-flex e-con e-child\" data-id=\"73fc6fff\" data-element_type=\"container\" data-settings=\"{&quot;content_width&quot;:&quot;full&quot;}\">\n\t\t\t\t<div class=\"elementor-element elementor-element-2c23d153 elementor-widget elementor-widget-heading\" data-id=\"2c23d153\" data-element_type=\"widget\" data-widget_type=\"heading.default\">\n\t\t\t\t<div class=\"elementor-widget-container\">\n\t\t\t<h2 class=\"elementor-heading-title elementor-size-default\">Por que obter seguro de equipamentos?<\/h2>\t\t<\/div>\n\t\t\t\t<\/div>\n\t\t\t\t<div class=\"elementor-element elementor-element-35e7c792 elementor-widget elementor-widget-heading\" data-id=\"35e7c792\" data-element_type=\"widget\" data-widget_type=\"heading.default\">\n\t\t\t\t<div class=\"elementor-widget-container\">\n\t\t\t<h2 class=\"elementor-heading-title elementor-size-default\">O seguro de equipamentos oferece prote\u00e7\u00e3o financeira contra danos, perdas ou roubo de uma variedade de equipamentos, como eletr\u00f4nicos, fotogr\u00e1ficos e industriais. A cobertura abrange danos por acidentes, inc\u00eandios, roubo e outros eventos, tanto em casa quanto durante viagens. O pr\u00eamio de seguro \u00e9 determinado com base no valor total dos equipamentos, hist\u00f3rico de sinistros e medidas de seguran\u00e7a. Benef\u00edcios adicionais podem incluir cobertura para equipamentos alugados, assist\u00eancia 24 horas e personaliza\u00e7\u00e3o da cobertura de acordo com as necessidades individuais. Essencial para proteger o investimento feito em equipamentos caros e garantir a continuidade das opera\u00e7\u00f5es em caso de danos ou perdas.<\/h2>\t\t<\/div>\n\t\t\t\t<\/div>\n\t\t\t\t<div class=\"elementor-element elementor-element-57347e79 elementor-align-left elementor-mobile-align-center elementor-widget elementor-widget-button\" data-id=\"57347e79\" data-element_type=\"widget\" data-widget_type=\"button.default\">\n\t\t\t\t<div class=\"elementor-widget-container\">\n\t\t\t\t\t<div class=\"elementor-button-wrapper\">\n\t\t\t<a class=\"elementor-button elementor-button-link elementor-size-lg\" href=\"https:\/\/api.whatsapp.com\/send\/?phone=5519989797444\">\n\t\t\t\t\t\t<span class=\"elementor-button-content-wrapper\">\n\t\t\t\t\t\t<span class=\"elementor-button-text\">Fazer cota\u00e7\u00e3o<\/span>\n\t\t<\/span>\n\t\t\t\t\t<\/a>\n\t\t<\/div>\n\t\t\t\t<\/div>\n\t\t\t\t<\/div>\n\t\t\t\t<\/div>\n\t\t\t\t\t<\/div>\n\t\t\t\t<\/div>\n\t\t\t\t<\/div>\n\t\t","protected":false},"excerpt":{"rendered":"<p>Seguro de Equipamentos Por que obter seguro de equipamentos? O seguro de equipamentos oferece prote\u00e7\u00e3o financeira contra danos, perdas ou roubo de uma variedade de equipamentos, como eletr\u00f4nicos, fotogr\u00e1ficos e industriais. A cobertura abrange danos por acidentes, inc\u00eandios, roubo e outros eventos, tanto em casa quanto durante viagens. O pr\u00eamio de seguro \u00e9 determinado com [&hellip;]<\/p>\n","protected":false},"author":1,"featured_media":0,"parent":0,"menu_order":0,"comment_status":"closed","ping_status":"closed","template":"","meta":{"_joinchat":[],"footnotes":""},"_links":{"self":[{"href":"https:\/\/corretoramrj.com.br\/index.php\/wp-json\/wp\/v2\/pages\/969"}],"collection":[{"href":"https:\/\/corretoramrj.com.br\/index.php\/wp-json\/wp\/v2\/pages"}],"about":[{"href":"https:\/\/corretoramrj.com.br\/index.php\/wp-json\/wp\/v2\/types\/page"}],"author":[{"embeddable":true,"href":"https:\/\/corretoramrj.com.br\/index.php\/wp-json\/wp\/v2\/users\/1"}],"replies":[{"embeddable":true,"href":"https:\/\/corretoramrj.com.br\/index.php\/wp-json\/wp\/v2\/comments?post=969"}],"version-history":[{"count":16,"href":"https:\/\/corretoramrj.com.br\/index.php\/wp-json\/wp\/v2\/pages\/969\/revisions"}],"predecessor-version":[{"id":1392,"href":"https:\/\/corretoramrj.com.br\/index.php\/wp-json\/wp\/v2\/pages\/969\/revisions\/1392"}],"wp:attachment":[{"href":"https:\/\/corretoramrj.com.br\/index.php\/wp-json\/wp\/v2\/media?parent=969"}],"curies":[{"name":"wp","href":"https:\/\/api.w.org\/{rel}","templated":true}]}}