{"id":977,"date":"2024-03-20T20:01:01","date_gmt":"2024-03-20T23:01:01","guid":{"rendered":"https:\/\/corretoramrj.com.br\/?page_id=977"},"modified":"2024-04-08T19:06:36","modified_gmt":"2024-04-08T22:06:36","slug":"seguros-de-equipamentos-eletronicos","status":"publish","type":"page","link":"https:\/\/corretoramrj.com.br\/index.php\/seguros-de-equipamentos-eletronicos\/","title":{"rendered":"Seguros de Equipamentos eletr\u00f4nicos"},"content":{"rendered":"\t\t<div data-elementor-type=\"wp-page\" data-elementor-id=\"977\" class=\"elementor elementor-977\">\n\t\t\t\t<div class=\"elementor-element elementor-element-42e20814 e-con-full e-flex e-con e-parent\" data-id=\"42e20814\" data-element_type=\"container\" data-settings=\"{&quot;background_background&quot;:&quot;classic&quot;,&quot;content_width&quot;:&quot;full&quot;}\" data-core-v316-plus=\"true\">\n\t\t\t\t<div class=\"elementor-element elementor-element-390834a7 elementor-widget elementor-widget-heading\" data-id=\"390834a7\" data-element_type=\"widget\" data-widget_type=\"heading.default\">\n\t\t\t\t<div class=\"elementor-widget-container\">\n\t\t\t<style>\/*! elementor - v3.19.0 - 07-02-2024 *\/\n.elementor-heading-title{padding:0;margin:0;line-height:1}.elementor-widget-heading .elementor-heading-title[class*=elementor-size-]>a{color:inherit;font-size:inherit;line-height:inherit}.elementor-widget-heading .elementor-heading-title.elementor-size-small{font-size:15px}.elementor-widget-heading .elementor-heading-title.elementor-size-medium{font-size:19px}.elementor-widget-heading .elementor-heading-title.elementor-size-large{font-size:29px}.elementor-widget-heading .elementor-heading-title.elementor-size-xl{font-size:39px}.elementor-widget-heading .elementor-heading-title.elementor-size-xxl{font-size:59px}<\/style><h2 class=\"elementor-heading-title elementor-size-default\">Seguro de Equipamentos Eletr\u00f4nicos<\/h2>\t\t<\/div>\n\t\t\t\t<\/div>\n\t\t\t\t<\/div>\n\t\t<div class=\"elementor-element elementor-element-e0a2882 e-flex e-con-boxed e-con e-parent\" data-id=\"e0a2882\" data-element_type=\"container\" data-settings=\"{&quot;background_background&quot;:&quot;classic&quot;,&quot;content_width&quot;:&quot;boxed&quot;}\" data-core-v316-plus=\"true\">\n\t\t\t\t\t<div class=\"e-con-inner\">\n\t\t<div class=\"elementor-element elementor-element-1bdca6e2 e-con-full elementor-hidden-mobile e-flex e-con e-child\" data-id=\"1bdca6e2\" data-element_type=\"container\" data-settings=\"{&quot;content_width&quot;:&quot;full&quot;}\">\n\t\t\t\t<div class=\"elementor-element elementor-element-651dc7a4 elementor-hidden-mobile elementor-widget elementor-widget-image\" data-id=\"651dc7a4\" data-element_type=\"widget\" data-widget_type=\"image.default\">\n\t\t\t\t<div class=\"elementor-widget-container\">\n\t\t\t<style>\/*! elementor - v3.19.0 - 07-02-2024 *\/\n.elementor-widget-image{text-align:center}.elementor-widget-image a{display:inline-block}.elementor-widget-image a img[src$=\".svg\"]{width:48px}.elementor-widget-image img{vertical-align:middle;display:inline-block}<\/style>\t\t\t\t\t\t\t\t\t\t<img fetchpriority=\"high\" decoding=\"async\" width=\"768\" height=\"512\" src=\"https:\/\/corretoramrj.com.br\/wp-content\/uploads\/2024\/03\/female-doing-video-call-768x512.jpg\" class=\"attachment-medium_large size-medium_large wp-image-981\" alt=\"\" srcset=\"https:\/\/corretoramrj.com.br\/wp-content\/uploads\/2024\/03\/female-doing-video-call-768x512.jpg 768w, https:\/\/corretoramrj.com.br\/wp-content\/uploads\/2024\/03\/female-doing-video-call-300x200.jpg 300w, https:\/\/corretoramrj.com.br\/wp-content\/uploads\/2024\/03\/female-doing-video-call-1024x683.jpg 1024w, https:\/\/corretoramrj.com.br\/wp-content\/uploads\/2024\/03\/female-doing-video-call-1536x1024.jpg 1536w, https:\/\/corretoramrj.com.br\/wp-content\/uploads\/2024\/03\/female-doing-video-call-2048x1365.jpg 2048w\" sizes=\"(max-width: 768px) 100vw, 768px\" \/>\t\t\t\t\t\t\t\t\t\t\t\t\t<\/div>\n\t\t\t\t<\/div>\n\t\t\t\t<\/div>\n\t\t<div class=\"elementor-element elementor-element-6ec1c13b e-con-full e-flex e-con e-child\" data-id=\"6ec1c13b\" data-element_type=\"container\" data-settings=\"{&quot;content_width&quot;:&quot;full&quot;}\">\n\t\t\t\t<div class=\"elementor-element elementor-element-193584e4 elementor-widget elementor-widget-heading\" data-id=\"193584e4\" data-element_type=\"widget\" data-widget_type=\"heading.default\">\n\t\t\t\t<div class=\"elementor-widget-container\">\n\t\t\t<h2 class=\"elementor-heading-title elementor-size-default\">Por que obter seguro de equipamentos eletr\u00f4nicos?<\/h2>\t\t<\/div>\n\t\t\t\t<\/div>\n\t\t\t\t<div class=\"elementor-element elementor-element-751ff15 elementor-widget elementor-widget-heading\" data-id=\"751ff15\" data-element_type=\"widget\" data-widget_type=\"heading.default\">\n\t\t\t\t<div class=\"elementor-widget-container\">\n\t\t\t<h2 class=\"elementor-heading-title elementor-size-default\">O seguro de equipamentos eletr\u00f4nicos oferece prote\u00e7\u00e3o financeira contra danos, roubo ou mau funcionamento de dispositivos como smartphones, laptops, tablets e c\u00e2meras fotogr\u00e1ficas. A cobertura inclui danos por quedas, derramamento de l\u00edquidos, quebra de tela, falhas el\u00e9tricas e outros eventos acidentais. Al\u00e9m disso, muitas ap\u00f3lices oferecem cobertura contra roubo ou furto dos dispositivos segurados. O pr\u00eamio de seguro \u00e9 determinado com base no valor dos equipamentos, hist\u00f3rico de sinistros e outras vari\u00e1veis. Em caso de sinistro, o segurado pode acionar a seguradora para iniciar o processo de reivindica\u00e7\u00e3o, que geralmente \u00e9 simplificado. Benef\u00edcios adicionais podem incluir cobertura para acess\u00f3rios, assist\u00eancia t\u00e9cnica e prote\u00e7\u00e3o internacional. O seguro de equipamentos eletr\u00f4nicos \u00e9 essencial para proteger o investimento feito em dispositivos caros e garantir tranquilidade em situa\u00e7\u00f5es de danos ou perdas.<\/h2>\t\t<\/div>\n\t\t\t\t<\/div>\n\t\t\t\t<div class=\"elementor-element elementor-element-16f6270c elementor-align-left elementor-mobile-align-center elementor-widget elementor-widget-button\" data-id=\"16f6270c\" data-element_type=\"widget\" data-widget_type=\"button.default\">\n\t\t\t\t<div class=\"elementor-widget-container\">\n\t\t\t\t\t<div class=\"elementor-button-wrapper\">\n\t\t\t<a class=\"elementor-button elementor-button-link elementor-size-lg\" href=\"https:\/\/api.whatsapp.com\/send\/?phone=5519989797444\">\n\t\t\t\t\t\t<span class=\"elementor-button-content-wrapper\">\n\t\t\t\t\t\t<span class=\"elementor-button-text\">Fazer cota\u00e7\u00e3o<\/span>\n\t\t<\/span>\n\t\t\t\t\t<\/a>\n\t\t<\/div>\n\t\t\t\t<\/div>\n\t\t\t\t<\/div>\n\t\t\t\t<\/div>\n\t\t\t\t\t<\/div>\n\t\t\t\t<\/div>\n\t\t\t\t<\/div>\n\t\t","protected":false},"excerpt":{"rendered":"<p>Seguro de Equipamentos Eletr\u00f4nicos Por que obter seguro de equipamentos eletr\u00f4nicos? O seguro de equipamentos eletr\u00f4nicos oferece prote\u00e7\u00e3o financeira contra danos, roubo ou mau funcionamento de dispositivos como smartphones, laptops, tablets e c\u00e2meras fotogr\u00e1ficas. A cobertura inclui danos por quedas, derramamento de l\u00edquidos, quebra de tela, falhas el\u00e9tricas e outros eventos acidentais. Al\u00e9m disso, muitas [&hellip;]<\/p>\n","protected":false},"author":1,"featured_media":0,"parent":0,"menu_order":0,"comment_status":"closed","ping_status":"closed","template":"","meta":{"_joinchat":[],"footnotes":""},"_links":{"self":[{"href":"https:\/\/corretoramrj.com.br\/index.php\/wp-json\/wp\/v2\/pages\/977"}],"collection":[{"href":"https:\/\/corretoramrj.com.br\/index.php\/wp-json\/wp\/v2\/pages"}],"about":[{"href":"https:\/\/corretoramrj.com.br\/index.php\/wp-json\/wp\/v2\/types\/page"}],"author":[{"embeddable":true,"href":"https:\/\/corretoramrj.com.br\/index.php\/wp-json\/wp\/v2\/users\/1"}],"replies":[{"embeddable":true,"href":"https:\/\/corretoramrj.com.br\/index.php\/wp-json\/wp\/v2\/comments?post=977"}],"version-history":[{"count":19,"href":"https:\/\/corretoramrj.com.br\/index.php\/wp-json\/wp\/v2\/pages\/977\/revisions"}],"predecessor-version":[{"id":1474,"href":"https:\/\/corretoramrj.com.br\/index.php\/wp-json\/wp\/v2\/pages\/977\/revisions\/1474"}],"wp:attachment":[{"href":"https:\/\/corretoramrj.com.br\/index.php\/wp-json\/wp\/v2\/media?parent=977"}],"curies":[{"name":"wp","href":"https:\/\/api.w.org\/{rel}","templated":true}]}}