{"id":985,"date":"2024-03-20T20:40:35","date_gmt":"2024-03-20T23:40:35","guid":{"rendered":"https:\/\/corretoramrj.com.br\/?page_id=985"},"modified":"2024-04-07T21:26:30","modified_gmt":"2024-04-08T00:26:30","slug":"seguro-de-viagem","status":"publish","type":"page","link":"https:\/\/corretoramrj.com.br\/index.php\/seguro-de-viagem\/","title":{"rendered":"Seguro de Viagem"},"content":{"rendered":"\t\t<div data-elementor-type=\"wp-page\" data-elementor-id=\"985\" class=\"elementor elementor-985\">\n\t\t\t\t<div class=\"elementor-element elementor-element-76ad0e3f e-con-full e-flex e-con e-parent\" data-id=\"76ad0e3f\" data-element_type=\"container\" data-settings=\"{&quot;background_background&quot;:&quot;classic&quot;,&quot;content_width&quot;:&quot;full&quot;}\" data-core-v316-plus=\"true\">\n\t\t\t\t<div class=\"elementor-element elementor-element-11c5ddd5 elementor-widget elementor-widget-heading\" data-id=\"11c5ddd5\" data-element_type=\"widget\" data-widget_type=\"heading.default\">\n\t\t\t\t<div class=\"elementor-widget-container\">\n\t\t\t<style>\/*! elementor - v3.19.0 - 07-02-2024 *\/\n.elementor-heading-title{padding:0;margin:0;line-height:1}.elementor-widget-heading .elementor-heading-title[class*=elementor-size-]>a{color:inherit;font-size:inherit;line-height:inherit}.elementor-widget-heading .elementor-heading-title.elementor-size-small{font-size:15px}.elementor-widget-heading .elementor-heading-title.elementor-size-medium{font-size:19px}.elementor-widget-heading .elementor-heading-title.elementor-size-large{font-size:29px}.elementor-widget-heading .elementor-heading-title.elementor-size-xl{font-size:39px}.elementor-widget-heading .elementor-heading-title.elementor-size-xxl{font-size:59px}<\/style><h2 class=\"elementor-heading-title elementor-size-default\">Seguro de Viagem<\/h2>\t\t<\/div>\n\t\t\t\t<\/div>\n\t\t\t\t<\/div>\n\t\t<div class=\"elementor-element elementor-element-23e12a09 e-flex e-con-boxed e-con e-parent\" data-id=\"23e12a09\" data-element_type=\"container\" data-settings=\"{&quot;background_background&quot;:&quot;classic&quot;,&quot;content_width&quot;:&quot;boxed&quot;}\" data-core-v316-plus=\"true\">\n\t\t\t\t\t<div class=\"e-con-inner\">\n\t\t<div class=\"elementor-element elementor-element-7bd5d2ab e-con-full elementor-hidden-mobile e-flex e-con e-child\" data-id=\"7bd5d2ab\" data-element_type=\"container\" data-settings=\"{&quot;content_width&quot;:&quot;full&quot;}\">\n\t\t\t\t<div class=\"elementor-element elementor-element-16ffdbda elementor-hidden-mobile elementor-widget elementor-widget-image\" data-id=\"16ffdbda\" data-element_type=\"widget\" data-widget_type=\"image.default\">\n\t\t\t\t<div class=\"elementor-widget-container\">\n\t\t\t<style>\/*! elementor - v3.19.0 - 07-02-2024 *\/\n.elementor-widget-image{text-align:center}.elementor-widget-image a{display:inline-block}.elementor-widget-image a img[src$=\".svg\"]{width:48px}.elementor-widget-image img{vertical-align:middle;display:inline-block}<\/style>\t\t\t\t\t\t\t\t\t\t<img fetchpriority=\"high\" decoding=\"async\" width=\"768\" height=\"512\" src=\"https:\/\/corretoramrj.com.br\/wp-content\/uploads\/2024\/03\/full-shot-happy-couple-travel-768x512.jpg\" class=\"attachment-medium_large size-medium_large wp-image-988\" alt=\"\" srcset=\"https:\/\/corretoramrj.com.br\/wp-content\/uploads\/2024\/03\/full-shot-happy-couple-travel-768x512.jpg 768w, https:\/\/corretoramrj.com.br\/wp-content\/uploads\/2024\/03\/full-shot-happy-couple-travel-300x200.jpg 300w, https:\/\/corretoramrj.com.br\/wp-content\/uploads\/2024\/03\/full-shot-happy-couple-travel-1024x683.jpg 1024w, https:\/\/corretoramrj.com.br\/wp-content\/uploads\/2024\/03\/full-shot-happy-couple-travel-1536x1025.jpg 1536w, https:\/\/corretoramrj.com.br\/wp-content\/uploads\/2024\/03\/full-shot-happy-couple-travel-2048x1366.jpg 2048w\" sizes=\"(max-width: 768px) 100vw, 768px\" \/>\t\t\t\t\t\t\t\t\t\t\t\t\t<\/div>\n\t\t\t\t<\/div>\n\t\t\t\t<\/div>\n\t\t<div class=\"elementor-element elementor-element-42df05ac e-con-full e-flex e-con e-child\" data-id=\"42df05ac\" data-element_type=\"container\" data-settings=\"{&quot;content_width&quot;:&quot;full&quot;}\">\n\t\t\t\t<div class=\"elementor-element elementor-element-72b5e13d elementor-widget elementor-widget-heading\" data-id=\"72b5e13d\" data-element_type=\"widget\" data-widget_type=\"heading.default\">\n\t\t\t\t<div class=\"elementor-widget-container\">\n\t\t\t<h2 class=\"elementor-heading-title elementor-size-default\">Por que obter seguro de viagem?<\/h2>\t\t<\/div>\n\t\t\t\t<\/div>\n\t\t\t\t<div class=\"elementor-element elementor-element-34897cd elementor-widget elementor-widget-heading\" data-id=\"34897cd\" data-element_type=\"widget\" data-widget_type=\"heading.default\">\n\t\t\t\t<div class=\"elementor-widget-container\">\n\t\t\t<h2 class=\"elementor-heading-title elementor-size-default\">O seguro viagem \u00e9 uma prote\u00e7\u00e3o financeira essencial para viajantes, oferecendo assist\u00eancia m\u00e9dica em casos de emerg\u00eancia, cobertura para cancelamento ou interrup\u00e7\u00e3o da viagem, reembolso por bagagem extraviada ou danificada, assist\u00eancia jur\u00eddica e responsabilidade civil. Al\u00e9m disso, inclui servi\u00e7o de assist\u00eancia emergencial 24 horas e cobertura para esportes e atividades de aventura. O pr\u00eamio de seguro varia conforme a dura\u00e7\u00e3o da viagem, destino e coberturas escolhidas. O seguro viagem proporciona tranquilidade aos viajantes, garantindo uma viagem segura e protegida contra imprevistos.<\/h2>\t\t<\/div>\n\t\t\t\t<\/div>\n\t\t\t\t<div class=\"elementor-element elementor-element-13ac4f65 elementor-align-left elementor-mobile-align-center elementor-widget elementor-widget-button\" data-id=\"13ac4f65\" data-element_type=\"widget\" data-widget_type=\"button.default\">\n\t\t\t\t<div class=\"elementor-widget-container\">\n\t\t\t\t\t<div class=\"elementor-button-wrapper\">\n\t\t\t<a class=\"elementor-button elementor-button-link elementor-size-lg\" href=\"https:\/\/api.whatsapp.com\/send\/?phone=5519989797444\">\n\t\t\t\t\t\t<span class=\"elementor-button-content-wrapper\">\n\t\t\t\t\t\t<span class=\"elementor-button-text\">Fazer cota\u00e7\u00e3o<\/span>\n\t\t<\/span>\n\t\t\t\t\t<\/a>\n\t\t<\/div>\n\t\t\t\t<\/div>\n\t\t\t\t<\/div>\n\t\t\t\t<\/div>\n\t\t\t\t\t<\/div>\n\t\t\t\t<\/div>\n\t\t\t\t<\/div>\n\t\t","protected":false},"excerpt":{"rendered":"<p>Seguro de Viagem Por que obter seguro de viagem? O seguro viagem \u00e9 uma prote\u00e7\u00e3o financeira essencial para viajantes, oferecendo assist\u00eancia m\u00e9dica em casos de emerg\u00eancia, cobertura para cancelamento ou interrup\u00e7\u00e3o da viagem, reembolso por bagagem extraviada ou danificada, assist\u00eancia jur\u00eddica e responsabilidade civil. Al\u00e9m disso, inclui servi\u00e7o de assist\u00eancia emergencial 24 horas e cobertura [&hellip;]<\/p>\n","protected":false},"author":1,"featured_media":0,"parent":0,"menu_order":0,"comment_status":"closed","ping_status":"closed","template":"","meta":{"_joinchat":[],"footnotes":""},"_links":{"self":[{"href":"https:\/\/corretoramrj.com.br\/index.php\/wp-json\/wp\/v2\/pages\/985"}],"collection":[{"href":"https:\/\/corretoramrj.com.br\/index.php\/wp-json\/wp\/v2\/pages"}],"about":[{"href":"https:\/\/corretoramrj.com.br\/index.php\/wp-json\/wp\/v2\/types\/page"}],"author":[{"embeddable":true,"href":"https:\/\/corretoramrj.com.br\/index.php\/wp-json\/wp\/v2\/users\/1"}],"replies":[{"embeddable":true,"href":"https:\/\/corretoramrj.com.br\/index.php\/wp-json\/wp\/v2\/comments?post=985"}],"version-history":[{"count":16,"href":"https:\/\/corretoramrj.com.br\/index.php\/wp-json\/wp\/v2\/pages\/985\/revisions"}],"predecessor-version":[{"id":1398,"href":"https:\/\/corretoramrj.com.br\/index.php\/wp-json\/wp\/v2\/pages\/985\/revisions\/1398"}],"wp:attachment":[{"href":"https:\/\/corretoramrj.com.br\/index.php\/wp-json\/wp\/v2\/media?parent=985"}],"curies":[{"name":"wp","href":"https:\/\/api.w.org\/{rel}","templated":true}]}}