{"id":992,"date":"2024-03-21T19:19:14","date_gmt":"2024-03-21T22:19:14","guid":{"rendered":"https:\/\/corretoramrj.com.br\/?page_id=992"},"modified":"2024-04-07T21:26:53","modified_gmt":"2024-04-08T00:26:53","slug":"seguro-de-responsabilidade-civil","status":"publish","type":"page","link":"https:\/\/corretoramrj.com.br\/index.php\/seguro-de-responsabilidade-civil\/","title":{"rendered":"Seguro de Responsabilidade Civil"},"content":{"rendered":"\t\t<div data-elementor-type=\"wp-page\" data-elementor-id=\"992\" class=\"elementor elementor-992\">\n\t\t\t\t<div class=\"elementor-element elementor-element-5cf40dfe e-con-full e-flex e-con e-parent\" data-id=\"5cf40dfe\" data-element_type=\"container\" data-settings=\"{&quot;background_background&quot;:&quot;classic&quot;,&quot;content_width&quot;:&quot;full&quot;}\" data-core-v316-plus=\"true\">\n\t\t\t\t<div class=\"elementor-element elementor-element-16f65769 elementor-widget elementor-widget-heading\" data-id=\"16f65769\" data-element_type=\"widget\" data-widget_type=\"heading.default\">\n\t\t\t\t<div class=\"elementor-widget-container\">\n\t\t\t<style>\/*! elementor - v3.19.0 - 07-02-2024 *\/\n.elementor-heading-title{padding:0;margin:0;line-height:1}.elementor-widget-heading .elementor-heading-title[class*=elementor-size-]>a{color:inherit;font-size:inherit;line-height:inherit}.elementor-widget-heading .elementor-heading-title.elementor-size-small{font-size:15px}.elementor-widget-heading .elementor-heading-title.elementor-size-medium{font-size:19px}.elementor-widget-heading .elementor-heading-title.elementor-size-large{font-size:29px}.elementor-widget-heading .elementor-heading-title.elementor-size-xl{font-size:39px}.elementor-widget-heading .elementor-heading-title.elementor-size-xxl{font-size:59px}<\/style><h2 class=\"elementor-heading-title elementor-size-default\">Seguro de Responsabilidade Civil<\/h2>\t\t<\/div>\n\t\t\t\t<\/div>\n\t\t\t\t<\/div>\n\t\t<div class=\"elementor-element elementor-element-649158df e-flex e-con-boxed e-con e-parent\" data-id=\"649158df\" data-element_type=\"container\" data-settings=\"{&quot;background_background&quot;:&quot;classic&quot;,&quot;content_width&quot;:&quot;boxed&quot;}\" data-core-v316-plus=\"true\">\n\t\t\t\t\t<div class=\"e-con-inner\">\n\t\t<div class=\"elementor-element elementor-element-5daedc83 e-con-full elementor-hidden-mobile e-flex e-con e-child\" data-id=\"5daedc83\" data-element_type=\"container\" data-settings=\"{&quot;content_width&quot;:&quot;full&quot;}\">\n\t\t\t\t<div class=\"elementor-element elementor-element-b758258 elementor-hidden-mobile elementor-widget elementor-widget-image\" data-id=\"b758258\" data-element_type=\"widget\" data-widget_type=\"image.default\">\n\t\t\t\t<div class=\"elementor-widget-container\">\n\t\t\t<style>\/*! elementor - v3.19.0 - 07-02-2024 *\/\n.elementor-widget-image{text-align:center}.elementor-widget-image a{display:inline-block}.elementor-widget-image a img[src$=\".svg\"]{width:48px}.elementor-widget-image img{vertical-align:middle;display:inline-block}<\/style>\t\t\t\t\t\t\t\t\t\t<img fetchpriority=\"high\" decoding=\"async\" width=\"768\" height=\"512\" src=\"https:\/\/corretoramrj.com.br\/wp-content\/uploads\/2024\/03\/successful-business-partners-discussing-contract-768x512.jpg\" class=\"attachment-medium_large size-medium_large wp-image-995\" alt=\"\" srcset=\"https:\/\/corretoramrj.com.br\/wp-content\/uploads\/2024\/03\/successful-business-partners-discussing-contract-768x512.jpg 768w, https:\/\/corretoramrj.com.br\/wp-content\/uploads\/2024\/03\/successful-business-partners-discussing-contract-300x200.jpg 300w, https:\/\/corretoramrj.com.br\/wp-content\/uploads\/2024\/03\/successful-business-partners-discussing-contract-1024x683.jpg 1024w, https:\/\/corretoramrj.com.br\/wp-content\/uploads\/2024\/03\/successful-business-partners-discussing-contract-1536x1024.jpg 1536w, https:\/\/corretoramrj.com.br\/wp-content\/uploads\/2024\/03\/successful-business-partners-discussing-contract-2048x1365.jpg 2048w\" sizes=\"(max-width: 768px) 100vw, 768px\" \/>\t\t\t\t\t\t\t\t\t\t\t\t\t<\/div>\n\t\t\t\t<\/div>\n\t\t\t\t<\/div>\n\t\t<div class=\"elementor-element elementor-element-4774c0f8 e-con-full e-flex e-con e-child\" data-id=\"4774c0f8\" data-element_type=\"container\" data-settings=\"{&quot;content_width&quot;:&quot;full&quot;}\">\n\t\t\t\t<div class=\"elementor-element elementor-element-5dda8fed elementor-widget elementor-widget-heading\" data-id=\"5dda8fed\" data-element_type=\"widget\" data-widget_type=\"heading.default\">\n\t\t\t\t<div class=\"elementor-widget-container\">\n\t\t\t<h2 class=\"elementor-heading-title elementor-size-default\">Por que obter seguro de Responsabilidade Civil?<span style=\"text-align: var(--text-align);\"><\/span><br><\/h2>\t\t<\/div>\n\t\t\t\t<\/div>\n\t\t\t\t<div class=\"elementor-element elementor-element-8b742ac elementor-widget elementor-widget-heading\" data-id=\"8b742ac\" data-element_type=\"widget\" data-widget_type=\"heading.default\">\n\t\t\t\t<div class=\"elementor-widget-container\">\n\t\t\t<h2 class=\"elementor-heading-title elementor-size-default\">O seguro de responsabilidade civil oferece prote\u00e7\u00e3o financeira para indiv\u00edduos ou empresas contra poss\u00edveis reclama\u00e7\u00f5es de terceiros por danos pessoais ou materiais causados involuntariamente. Ele cobre uma variedade de situa\u00e7\u00f5es, como danos causados por atividades profissionais, uso de produtos ou servi\u00e7os, acidentes de tr\u00e2nsito e danos em propriedades alugadas. Al\u00e9m disso, o seguro inclui cobertura legal para custos judiciais associados a processos movidos por terceiros. O pr\u00eamio de seguro \u00e9 determinado com base no tipo de atividade, hist\u00f3rico de sinistros e outras vari\u00e1veis, e o segurado pode personalizar a cobertura de acordo com suas necessidades. O seguro de responsabilidade civil \u00e9 essencial para proteger contra os riscos associados a poss\u00edveis reclama\u00e7\u00f5es de terceiros e garantir a seguran\u00e7a financeira.<\/h2>\t\t<\/div>\n\t\t\t\t<\/div>\n\t\t\t\t<div class=\"elementor-element elementor-element-1afe53b2 elementor-align-left elementor-mobile-align-center elementor-widget elementor-widget-button\" data-id=\"1afe53b2\" data-element_type=\"widget\" data-widget_type=\"button.default\">\n\t\t\t\t<div class=\"elementor-widget-container\">\n\t\t\t\t\t<div class=\"elementor-button-wrapper\">\n\t\t\t<a class=\"elementor-button elementor-button-link elementor-size-lg\" href=\"https:\/\/api.whatsapp.com\/send\/?phone=5519989797444\">\n\t\t\t\t\t\t<span class=\"elementor-button-content-wrapper\">\n\t\t\t\t\t\t<span class=\"elementor-button-text\">Fazer cota\u00e7\u00e3o<\/span>\n\t\t<\/span>\n\t\t\t\t\t<\/a>\n\t\t<\/div>\n\t\t\t\t<\/div>\n\t\t\t\t<\/div>\n\t\t\t\t<\/div>\n\t\t\t\t\t<\/div>\n\t\t\t\t<\/div>\n\t\t\t\t<\/div>\n\t\t","protected":false},"excerpt":{"rendered":"<p>Seguro de Responsabilidade Civil Por que obter seguro de Responsabilidade Civil? O seguro de responsabilidade civil oferece prote\u00e7\u00e3o financeira para indiv\u00edduos ou empresas contra poss\u00edveis reclama\u00e7\u00f5es de terceiros por danos pessoais ou materiais causados involuntariamente. Ele cobre uma variedade de situa\u00e7\u00f5es, como danos causados por atividades profissionais, uso de produtos ou servi\u00e7os, acidentes de tr\u00e2nsito [&hellip;]<\/p>\n","protected":false},"author":1,"featured_media":0,"parent":0,"menu_order":0,"comment_status":"closed","ping_status":"closed","template":"","meta":{"_joinchat":[],"footnotes":""},"_links":{"self":[{"href":"https:\/\/corretoramrj.com.br\/index.php\/wp-json\/wp\/v2\/pages\/992"}],"collection":[{"href":"https:\/\/corretoramrj.com.br\/index.php\/wp-json\/wp\/v2\/pages"}],"about":[{"href":"https:\/\/corretoramrj.com.br\/index.php\/wp-json\/wp\/v2\/types\/page"}],"author":[{"embeddable":true,"href":"https:\/\/corretoramrj.com.br\/index.php\/wp-json\/wp\/v2\/users\/1"}],"replies":[{"embeddable":true,"href":"https:\/\/corretoramrj.com.br\/index.php\/wp-json\/wp\/v2\/comments?post=992"}],"version-history":[{"count":16,"href":"https:\/\/corretoramrj.com.br\/index.php\/wp-json\/wp\/v2\/pages\/992\/revisions"}],"predecessor-version":[{"id":1401,"href":"https:\/\/corretoramrj.com.br\/index.php\/wp-json\/wp\/v2\/pages\/992\/revisions\/1401"}],"wp:attachment":[{"href":"https:\/\/corretoramrj.com.br\/index.php\/wp-json\/wp\/v2\/media?parent=992"}],"curies":[{"name":"wp","href":"https:\/\/api.w.org\/{rel}","templated":true}]}}