{"id":999,"date":"2024-03-21T19:26:16","date_gmt":"2024-03-21T22:26:16","guid":{"rendered":"https:\/\/corretoramrj.com.br\/?page_id=999"},"modified":"2024-04-07T21:27:26","modified_gmt":"2024-04-08T00:27:26","slug":"seguro-de-saude","status":"publish","type":"page","link":"https:\/\/corretoramrj.com.br\/index.php\/seguro-de-saude\/","title":{"rendered":"Seguro de Sa\u00fade"},"content":{"rendered":"\t\t<div data-elementor-type=\"wp-page\" data-elementor-id=\"999\" class=\"elementor elementor-999\">\n\t\t\t\t<div class=\"elementor-element elementor-element-33a7ad96 e-con-full e-flex e-con e-parent\" data-id=\"33a7ad96\" data-element_type=\"container\" data-settings=\"{&quot;background_background&quot;:&quot;classic&quot;,&quot;content_width&quot;:&quot;full&quot;}\" data-core-v316-plus=\"true\">\n\t\t\t\t<div class=\"elementor-element elementor-element-45197021 elementor-widget elementor-widget-heading\" data-id=\"45197021\" data-element_type=\"widget\" data-widget_type=\"heading.default\">\n\t\t\t\t<div class=\"elementor-widget-container\">\n\t\t\t<style>\/*! elementor - v3.19.0 - 07-02-2024 *\/\n.elementor-heading-title{padding:0;margin:0;line-height:1}.elementor-widget-heading .elementor-heading-title[class*=elementor-size-]>a{color:inherit;font-size:inherit;line-height:inherit}.elementor-widget-heading .elementor-heading-title.elementor-size-small{font-size:15px}.elementor-widget-heading .elementor-heading-title.elementor-size-medium{font-size:19px}.elementor-widget-heading .elementor-heading-title.elementor-size-large{font-size:29px}.elementor-widget-heading .elementor-heading-title.elementor-size-xl{font-size:39px}.elementor-widget-heading .elementor-heading-title.elementor-size-xxl{font-size:59px}<\/style><h2 class=\"elementor-heading-title elementor-size-default\">Seguro de Sa\u00fade<\/h2>\t\t<\/div>\n\t\t\t\t<\/div>\n\t\t\t\t<\/div>\n\t\t<div class=\"elementor-element elementor-element-175e0e47 e-flex e-con-boxed e-con e-parent\" data-id=\"175e0e47\" data-element_type=\"container\" data-settings=\"{&quot;background_background&quot;:&quot;classic&quot;,&quot;content_width&quot;:&quot;boxed&quot;}\" data-core-v316-plus=\"true\">\n\t\t\t\t\t<div class=\"e-con-inner\">\n\t\t<div class=\"elementor-element elementor-element-2a508e6b e-con-full elementor-hidden-mobile e-flex e-con e-child\" data-id=\"2a508e6b\" data-element_type=\"container\" data-settings=\"{&quot;content_width&quot;:&quot;full&quot;}\">\n\t\t\t\t<div class=\"elementor-element elementor-element-503f67a4 elementor-hidden-mobile elementor-widget elementor-widget-image\" data-id=\"503f67a4\" data-element_type=\"widget\" data-widget_type=\"image.default\">\n\t\t\t\t<div class=\"elementor-widget-container\">\n\t\t\t<style>\/*! elementor - v3.19.0 - 07-02-2024 *\/\n.elementor-widget-image{text-align:center}.elementor-widget-image a{display:inline-block}.elementor-widget-image a img[src$=\".svg\"]{width:48px}.elementor-widget-image img{vertical-align:middle;display:inline-block}<\/style>\t\t\t\t\t\t\t\t\t\t<img fetchpriority=\"high\" decoding=\"async\" width=\"768\" height=\"487\" src=\"https:\/\/corretoramrj.com.br\/wp-content\/uploads\/2024\/03\/black-female-doctor-doing-her-job-768x487.jpg\" class=\"attachment-medium_large size-medium_large wp-image-1003\" alt=\"\" srcset=\"https:\/\/corretoramrj.com.br\/wp-content\/uploads\/2024\/03\/black-female-doctor-doing-her-job-768x487.jpg 768w, https:\/\/corretoramrj.com.br\/wp-content\/uploads\/2024\/03\/black-female-doctor-doing-her-job-300x190.jpg 300w, https:\/\/corretoramrj.com.br\/wp-content\/uploads\/2024\/03\/black-female-doctor-doing-her-job-1024x649.jpg 1024w, https:\/\/corretoramrj.com.br\/wp-content\/uploads\/2024\/03\/black-female-doctor-doing-her-job-1536x974.jpg 1536w, https:\/\/corretoramrj.com.br\/wp-content\/uploads\/2024\/03\/black-female-doctor-doing-her-job-2048x1299.jpg 2048w\" sizes=\"(max-width: 768px) 100vw, 768px\" \/>\t\t\t\t\t\t\t\t\t\t\t\t\t<\/div>\n\t\t\t\t<\/div>\n\t\t\t\t<\/div>\n\t\t<div class=\"elementor-element elementor-element-3d5526bc e-con-full e-flex e-con e-child\" data-id=\"3d5526bc\" data-element_type=\"container\" data-settings=\"{&quot;content_width&quot;:&quot;full&quot;}\">\n\t\t\t\t<div class=\"elementor-element elementor-element-ff1066a elementor-widget elementor-widget-heading\" data-id=\"ff1066a\" data-element_type=\"widget\" data-widget_type=\"heading.default\">\n\t\t\t\t<div class=\"elementor-widget-container\">\n\t\t\t<h2 class=\"elementor-heading-title elementor-size-default\">Por que obter seguro de sa\u00fade?<\/h2>\t\t<\/div>\n\t\t\t\t<\/div>\n\t\t\t\t<div class=\"elementor-element elementor-element-7edae761 elementor-widget elementor-widget-heading\" data-id=\"7edae761\" data-element_type=\"widget\" data-widget_type=\"heading.default\">\n\t\t\t\t<div class=\"elementor-widget-container\">\n\t\t\t<h2 class=\"elementor-heading-title elementor-size-default\">O seguro de sa\u00fade \u00e9 uma prote\u00e7\u00e3o financeira que cobre despesas m\u00e9dicas, hospitalares e odontol\u00f3gicas, proporcionando seguran\u00e7a em casos de doen\u00e7a ou acidente. Ele inclui uma ampla gama de servi\u00e7os, como consultas m\u00e9dicas, exames, tratamentos hospitalares, cirurgias, medicamentos e tratamentos odontol\u00f3gicos. Os segurados t\u00eam acesso a uma rede credenciada de profissionais e institui\u00e7\u00f5es de sa\u00fade, al\u00e9m da op\u00e7\u00e3o de reembolso de despesas m\u00e9dicas fora da rede credenciada. Alguns planos oferecem cobertura internacional. O valor do pr\u00eamio varia conforme a idade, coberturas escolhidas e regi\u00e3o geogr\u00e1fica, podendo incluir uma franquia. O seguro de sa\u00fade \u00e9 essencial para garantir acesso a cuidados de sa\u00fade de qualidade e lidar com despesas m\u00e9dicas imprevistas.<\/h2>\t\t<\/div>\n\t\t\t\t<\/div>\n\t\t\t\t<div class=\"elementor-element elementor-element-58386a62 elementor-align-left elementor-mobile-align-center elementor-widget elementor-widget-button\" data-id=\"58386a62\" data-element_type=\"widget\" data-widget_type=\"button.default\">\n\t\t\t\t<div class=\"elementor-widget-container\">\n\t\t\t\t\t<div class=\"elementor-button-wrapper\">\n\t\t\t<a class=\"elementor-button elementor-button-link elementor-size-lg\" href=\"https:\/\/api.whatsapp.com\/send\/?phone=5519989797444\">\n\t\t\t\t\t\t<span class=\"elementor-button-content-wrapper\">\n\t\t\t\t\t\t<span class=\"elementor-button-text\">Fazer cota\u00e7\u00e3o<\/span>\n\t\t<\/span>\n\t\t\t\t\t<\/a>\n\t\t<\/div>\n\t\t\t\t<\/div>\n\t\t\t\t<\/div>\n\t\t\t\t<\/div>\n\t\t\t\t\t<\/div>\n\t\t\t\t<\/div>\n\t\t\t\t<\/div>\n\t\t","protected":false},"excerpt":{"rendered":"<p>Seguro de Sa\u00fade Por que obter seguro de sa\u00fade? O seguro de sa\u00fade \u00e9 uma prote\u00e7\u00e3o financeira que cobre despesas m\u00e9dicas, hospitalares e odontol\u00f3gicas, proporcionando seguran\u00e7a em casos de doen\u00e7a ou acidente. Ele inclui uma ampla gama de servi\u00e7os, como consultas m\u00e9dicas, exames, tratamentos hospitalares, cirurgias, medicamentos e tratamentos odontol\u00f3gicos. Os segurados t\u00eam acesso a [&hellip;]<\/p>\n","protected":false},"author":1,"featured_media":0,"parent":0,"menu_order":0,"comment_status":"closed","ping_status":"closed","template":"","meta":{"_joinchat":[],"footnotes":""},"_links":{"self":[{"href":"https:\/\/corretoramrj.com.br\/index.php\/wp-json\/wp\/v2\/pages\/999"}],"collection":[{"href":"https:\/\/corretoramrj.com.br\/index.php\/wp-json\/wp\/v2\/pages"}],"about":[{"href":"https:\/\/corretoramrj.com.br\/index.php\/wp-json\/wp\/v2\/types\/page"}],"author":[{"embeddable":true,"href":"https:\/\/corretoramrj.com.br\/index.php\/wp-json\/wp\/v2\/users\/1"}],"replies":[{"embeddable":true,"href":"https:\/\/corretoramrj.com.br\/index.php\/wp-json\/wp\/v2\/comments?post=999"}],"version-history":[{"count":16,"href":"https:\/\/corretoramrj.com.br\/index.php\/wp-json\/wp\/v2\/pages\/999\/revisions"}],"predecessor-version":[{"id":1404,"href":"https:\/\/corretoramrj.com.br\/index.php\/wp-json\/wp\/v2\/pages\/999\/revisions\/1404"}],"wp:attachment":[{"href":"https:\/\/corretoramrj.com.br\/index.php\/wp-json\/wp\/v2\/media?parent=999"}],"curies":[{"name":"wp","href":"https:\/\/api.w.org\/{rel}","templated":true}]}}